{"id":171,"date":"2023-03-15T10:58:30","date_gmt":"2023-03-15T10:58:30","guid":{"rendered":"https:\/\/fashmo.de\/?page_id=171"},"modified":"2023-03-21T09:00:11","modified_gmt":"2023-03-21T09:00:11","slug":"impressum","status":"publish","type":"page","link":"https:\/\/fashmo.de\/en\/impressum\/","title":{"rendered":"Impressum"},"content":{"rendered":"<div  class=\"gs_BHzxSD row_wrap\">\n<div class=\"wp-block-columns row_xl is-layout-flex wp-container-core-columns-is-layout-9d6595d7 wp-block-columns-is-layout-flex\">\n<div class=\"wp-block-column col-12 col-sm-auto is-layout-flow wp-block-column-is-layout-flow\">\n<div class=\"wp-block-greyd-box greyd-content-box gs_c3PjUg\">\n<h1 class=\"has-color-21-color has-text-color wp-block-heading\">Impressum<\/h1>\n\n\n\n<p>FASHION AND MORE GmbH<\/p>\n\n\n\n<p>Industriestrasse 7<br>D-35614 Asslar<\/p>\n\n\n\n<p>HRB Nr. 5775 Amtsgericht Wetzlar<br>Gesch\u00e4ftsf\u00fchrer: Stephan Frankiewicz<\/p>\n\n\n\n<p>Ust-IdNr.: DE 264654062<\/p>\n\n\n\n<p>Haftungsausschluss f\u00fcr Links:<br>FASHION AND MORE GmbH \u00fcbernimmt keinerlei Verantwortung f\u00fcr Inhalte und Informationen, die sich auf verlinkten Seiten befinden, da eine Kontrolle von ihrer Seite aus nicht vorgenommen werden kann. Gleichzeitig distanziert sie sich ausdr\u00fccklich von den durch die Links erreichbaren Inhalten.<br>(vgl. LG Hamburg, Urteil vom 12.05.19 98 &#8211; 312 O 85\/98).<\/p>\n<\/div>\n<\/div>\n<\/div>\n<\/div>","protected":false},"excerpt":{"rendered":"","protected":false},"author":1,"featured_media":0,"parent":0,"menu_order":0,"comment_status":"closed","ping_status":"closed","template":"","meta":{"greyd_block_editor_preview":[],"footnotes":""},"class_list":["post-171","page","type-page","status-publish","hentry"],"yoast_head":"<!-- This site is optimized with the Yoast SEO plugin v26.8 - https:\/\/yoast.com\/product\/yoast-seo-wordpress\/ -->\n<title>Fashion and More | Impressum<\/title>\n<meta name=\"description\" content=\"t hochwertiges Hightech-Mikrofaser-Wirbelvlies mit Materialmerkmalen von Velours- oder Nubukleder | FASHMO\u2122 und CHAMUDE\u00ae\u00a0\" \/>\n<meta name=\"robots\" content=\"index, follow, max-snippet:-1, max-image-preview:large, max-video-preview:-1\" \/>\n<link rel=\"canonical\" href=\"https:\/\/fashmo.de\/en\/impressum\/\" \/>\n<meta property=\"og:locale\" content=\"en_US\" \/>\n<meta property=\"og:type\" content=\"article\" \/>\n<meta property=\"og:title\" content=\"Fashion and More | Impressum\" \/>\n<meta property=\"og:description\" content=\"t hochwertiges Hightech-Mikrofaser-Wirbelvlies mit Materialmerkmalen von Velours- oder Nubukleder | FASHMO\u2122 und CHAMUDE\u00ae\u00a0\" \/>\n<meta property=\"og:url\" content=\"https:\/\/fashmo.de\/en\/impressum\/\" \/>\n<meta property=\"og:site_name\" content=\"Fashmo\" \/>\n<meta property=\"article:modified_time\" content=\"2023-03-21T09:00:11+00:00\" \/>\n<meta name=\"twitter:card\" content=\"summary_large_image\" \/>\n<meta name=\"twitter:label1\" content=\"Est. reading time\" \/>\n\t<meta name=\"twitter:data1\" content=\"1 minute\" \/>\n<script type=\"application\/ld+json\" class=\"yoast-schema-graph\">{\"@context\":\"https:\/\/schema.org\",\"@graph\":[{\"@type\":\"WebPage\",\"@id\":\"https:\/\/fashmo.de\/impressum\/\",\"url\":\"https:\/\/fashmo.de\/impressum\/\",\"name\":\"Fashion and More | Impressum\",\"isPartOf\":{\"@id\":\"https:\/\/fashmo.de\/#website\"},\"datePublished\":\"2023-03-15T10:58:30+00:00\",\"dateModified\":\"2023-03-21T09:00:11+00:00\",\"description\":\"t hochwertiges Hightech-Mikrofaser-Wirbelvlies mit Materialmerkmalen von Velours- oder Nubukleder | FASHMO\u2122 und CHAMUDE\u00ae\u00a0\",\"breadcrumb\":{\"@id\":\"https:\/\/fashmo.de\/impressum\/#breadcrumb\"},\"inLanguage\":\"en-US\",\"potentialAction\":[{\"@type\":\"ReadAction\",\"target\":[\"https:\/\/fashmo.de\/impressum\/\"]}]},{\"@type\":\"BreadcrumbList\",\"@id\":\"https:\/\/fashmo.de\/impressum\/#breadcrumb\",\"itemListElement\":[{\"@type\":\"ListItem\",\"position\":1,\"name\":\"Home\",\"item\":\"https:\/\/fashmo.de\/\"},{\"@type\":\"ListItem\",\"position\":2,\"name\":\"Impressum\"}]},{\"@type\":\"WebSite\",\"@id\":\"https:\/\/fashmo.de\/#website\",\"url\":\"https:\/\/fashmo.de\/\",\"name\":\"Fashmo\",\"description\":\"FASHION AND MORE\",\"publisher\":{\"@id\":\"https:\/\/fashmo.de\/#organization\"},\"potentialAction\":[{\"@type\":\"SearchAction\",\"target\":{\"@type\":\"EntryPoint\",\"urlTemplate\":\"https:\/\/fashmo.de\/?s={search_term_string}\"},\"query-input\":{\"@type\":\"PropertyValueSpecification\",\"valueRequired\":true,\"valueName\":\"search_term_string\"}}],\"inLanguage\":\"en-US\"},{\"@type\":\"Organization\",\"@id\":\"https:\/\/fashmo.de\/#organization\",\"name\":\"Fashmo\",\"url\":\"https:\/\/fashmo.de\/\",\"logo\":{\"@type\":\"ImageObject\",\"inLanguage\":\"en-US\",\"@id\":\"https:\/\/fashmo.de\/#\/schema\/logo\/image\/\",\"url\":\"https:\/\/fashmo.de\/wp-content\/uploads\/2023\/03\/Logo_Fashmo.png\",\"contentUrl\":\"https:\/\/fashmo.de\/wp-content\/uploads\/2023\/03\/Logo_Fashmo.png\",\"width\":2361,\"height\":682,\"caption\":\"Fashmo\"},\"image\":{\"@id\":\"https:\/\/fashmo.de\/#\/schema\/logo\/image\/\"}}]}<\/script>\n<!-- \/ Yoast SEO plugin. -->","yoast_head_json":{"title":"Fashion and More | Impressum","description":"t hochwertiges Hightech-Mikrofaser-Wirbelvlies mit Materialmerkmalen von Velours- oder Nubukleder | FASHMO\u2122 und CHAMUDE\u00ae\u00a0","robots":{"index":"index","follow":"follow","max-snippet":"max-snippet:-1","max-image-preview":"max-image-preview:large","max-video-preview":"max-video-preview:-1"},"canonical":"https:\/\/fashmo.de\/en\/impressum\/","og_locale":"en_US","og_type":"article","og_title":"Fashion and More | Impressum","og_description":"t hochwertiges Hightech-Mikrofaser-Wirbelvlies mit Materialmerkmalen von Velours- oder Nubukleder | FASHMO\u2122 und CHAMUDE\u00ae\u00a0","og_url":"https:\/\/fashmo.de\/en\/impressum\/","og_site_name":"Fashmo","article_modified_time":"2023-03-21T09:00:11+00:00","twitter_card":"summary_large_image","twitter_misc":{"Est. reading time":"1 minute"},"schema":{"@context":"https:\/\/schema.org","@graph":[{"@type":"WebPage","@id":"https:\/\/fashmo.de\/impressum\/","url":"https:\/\/fashmo.de\/impressum\/","name":"Fashion and More | Impressum","isPartOf":{"@id":"https:\/\/fashmo.de\/#website"},"datePublished":"2023-03-15T10:58:30+00:00","dateModified":"2023-03-21T09:00:11+00:00","description":"t hochwertiges Hightech-Mikrofaser-Wirbelvlies mit Materialmerkmalen von Velours- oder Nubukleder | FASHMO\u2122 und CHAMUDE\u00ae\u00a0","breadcrumb":{"@id":"https:\/\/fashmo.de\/impressum\/#breadcrumb"},"inLanguage":"en-US","potentialAction":[{"@type":"ReadAction","target":["https:\/\/fashmo.de\/impressum\/"]}]},{"@type":"BreadcrumbList","@id":"https:\/\/fashmo.de\/impressum\/#breadcrumb","itemListElement":[{"@type":"ListItem","position":1,"name":"Home","item":"https:\/\/fashmo.de\/"},{"@type":"ListItem","position":2,"name":"Impressum"}]},{"@type":"WebSite","@id":"https:\/\/fashmo.de\/#website","url":"https:\/\/fashmo.de\/","name":"Fashmo","description":"FASHION AND MORE","publisher":{"@id":"https:\/\/fashmo.de\/#organization"},"potentialAction":[{"@type":"SearchAction","target":{"@type":"EntryPoint","urlTemplate":"https:\/\/fashmo.de\/?s={search_term_string}"},"query-input":{"@type":"PropertyValueSpecification","valueRequired":true,"valueName":"search_term_string"}}],"inLanguage":"en-US"},{"@type":"Organization","@id":"https:\/\/fashmo.de\/#organization","name":"Fashmo","url":"https:\/\/fashmo.de\/","logo":{"@type":"ImageObject","inLanguage":"en-US","@id":"https:\/\/fashmo.de\/#\/schema\/logo\/image\/","url":"https:\/\/fashmo.de\/wp-content\/uploads\/2023\/03\/Logo_Fashmo.png","contentUrl":"https:\/\/fashmo.de\/wp-content\/uploads\/2023\/03\/Logo_Fashmo.png","width":2361,"height":682,"caption":"Fashmo"},"image":{"@id":"https:\/\/fashmo.de\/#\/schema\/logo\/image\/"}}]}},"_links":{"self":[{"href":"https:\/\/fashmo.de\/en\/wp-json\/wp\/v2\/pages\/171","targetHints":{"allow":["GET"]}}],"collection":[{"href":"https:\/\/fashmo.de\/en\/wp-json\/wp\/v2\/pages"}],"about":[{"href":"https:\/\/fashmo.de\/en\/wp-json\/wp\/v2\/types\/page"}],"author":[{"embeddable":true,"href":"https:\/\/fashmo.de\/en\/wp-json\/wp\/v2\/users\/1"}],"replies":[{"embeddable":true,"href":"https:\/\/fashmo.de\/en\/wp-json\/wp\/v2\/comments?post=171"}],"version-history":[{"count":6,"href":"https:\/\/fashmo.de\/en\/wp-json\/wp\/v2\/pages\/171\/revisions"}],"predecessor-version":[{"id":802,"href":"https:\/\/fashmo.de\/en\/wp-json\/wp\/v2\/pages\/171\/revisions\/802"}],"wp:attachment":[{"href":"https:\/\/fashmo.de\/en\/wp-json\/wp\/v2\/media?parent=171"}],"curies":[{"name":"wp","href":"https:\/\/api.w.org\/{rel}","templated":true}]}}